{"id":6,"date":"2015-06-21T15:46:54","date_gmt":"2015-06-21T13:46:54","guid":{"rendered":"http:\/\/test.ultrarun.de\/?page_id=6"},"modified":"2015-08-16T14:25:40","modified_gmt":"2015-08-16T12:25:40","slug":"das-team","status":"publish","type":"page","link":"https:\/\/www.ultrarun.de\/?page_id=6","title":{"rendered":"Das Team"},"content":{"rendered":"<p style=\"text-align: justify;\"><img data-attachment-id=\"409\" data-permalink=\"https:\/\/www.ultrarun.de\/?attachment_id=409\" data-orig-file=\"https:\/\/www.ultrarun.de\/wp-content\/uploads\/2015\/07\/DSC_0915_c-e1436299898291.jpg\" data-orig-size=\"750,502\" data-comments-opened=\"1\" data-image-meta=\"{&quot;aperture&quot;:&quot;3.5&quot;,&quot;credit&quot;:&quot;&quot;,&quot;camera&quot;:&quot;NIKON D5300&quot;,&quot;caption&quot;:&quot;&quot;,&quot;created_timestamp&quot;:&quot;1433604812&quot;,&quot;copyright&quot;:&quot;&quot;,&quot;focal_length&quot;:&quot;18&quot;,&quot;iso&quot;:&quot;220&quot;,&quot;shutter_speed&quot;:&quot;0.008&quot;,&quot;title&quot;:&quot;&quot;,&quot;orientation&quot;:&quot;1&quot;}\" data-image-title=\"DSC_0915_c\" data-image-description=\"\" data-image-caption=\"\" data-medium-file=\"https:\/\/www.ultrarun.de\/wp-content\/uploads\/2015\/07\/DSC_0915_c-300x201.jpg\" data-large-file=\"https:\/\/www.ultrarun.de\/wp-content\/uploads\/2015\/07\/DSC_0915_c-1024x685.jpg\" loading=\"lazy\" class=\"alignnone size-full wp-image-409\" src=\"http:\/\/www.ultrarun.de\/wp-content\/uploads\/2015\/07\/DSC_0915_c-e1436299898291.jpg\" alt=\"Marie und Christian\" width=\"750\" height=\"502\" \/><\/p>\n<p style=\"text-align: justify;\">Christian Richter und Marie-Kristin Kirschning lernten sich im Sommer 2014 kennen und teilten schnell ihre Begeisterung f\u00fcr den Laufsport &#8211; nicht zuletzt, da beide (unabh\u00e4ngig von einander) zuvor den Jakobsweg nach Spanien liefen. So entwickelte sich kurze Zeit sp\u00e4ter\u00a0der Gedanke, ein gemeinsames Projekt zu starten. Christians Vorhaben, in 11 Tagen von Halle an der Saale nach Eppan bei Bozen\u00a0zu rennen, sollte nicht undokumentiert bleiben und Marie hatte damit das perfekte Thema f\u00fcr ihr Masterabschlussprojekt, einen Dokumentarfilm, gefunden. Was das Team antreibt und motiviert, lesen Sie hier:<\/p>\n<p class=\"greenbox\">\u00bb <a href=\"http:\/\/ultrarun.de\/?page_id=52\">Christian Richter<\/a><\/p>\n<p class=\"greenbox\">\u00bb <a href=\"http:\/\/ultrarun.de\/?page_id=59\">Marie-Kristin Kirschning<\/a><\/p>\n<div class=\"sharedaddy sd-sharing-enabled\"><div class=\"robots-nocontent sd-block sd-social sd-social-icon sd-sharing\"><h3 class=\"sd-title\">Teilen mit:<\/h3><div class=\"sd-content\"><ul><li><a href=\"#\" class=\"sharing-anchor sd-button share-more\"><span>Teilen<\/span><\/a><\/li><li class=\"share-end\"><\/li><\/ul><div class=\"sharing-hidden\"><div class=\"inner\" style=\"display: none;\"><ul><li class=\"share-facebook\"><a rel=\"nofollow noopener noreferrer\" data-shared=\"sharing-facebook-6\" class=\"share-facebook sd-button share-icon no-text\" href=\"https:\/\/www.ultrarun.de\/?page_id=6&amp;share=facebook\" target=\"_blank\" title=\"Klick, um auf Facebook zu teilen\"><span><\/span><span class=\"sharing-screen-reader-text\">Klick, um auf Facebook zu teilen (Wird in neuem Fenster ge\u00f6ffnet)<\/span><\/a><\/li><li class=\"share-twitter\"><a rel=\"nofollow noopener noreferrer\" data-shared=\"sharing-twitter-6\" class=\"share-twitter sd-button share-icon no-text\" href=\"https:\/\/www.ultrarun.de\/?page_id=6&amp;share=twitter\" target=\"_blank\" title=\"Klick, um \u00fcber Twitter zu teilen\"><span><\/span><span class=\"sharing-screen-reader-text\">Klick, um \u00fcber Twitter zu teilen (Wird in neuem Fenster ge\u00f6ffnet)<\/span><\/a><\/li><li class=\"share-end\"><\/li><li class=\"share-email\"><a rel=\"nofollow noopener noreferrer\" data-shared=\"\" class=\"share-email sd-button share-icon no-text\" href=\"https:\/\/www.ultrarun.de\/?page_id=6&amp;share=email\" target=\"_blank\" title=\"Klick, um dies einem Freund per E-Mail zu senden\"><span><\/span><span class=\"sharing-screen-reader-text\">Klick, um dies einem Freund per E-Mail zu senden (Wird in neuem Fenster ge\u00f6ffnet)<\/span><\/a><\/li><li class=\"share-end\"><\/li><\/ul><\/div><\/div><\/div><\/div><\/div>","protected":false},"excerpt":{"rendered":"<p>Christian Richter und Marie-Kristin Kirschning lernten sich im Sommer 2014 kennen und teilten schnell ihre Begeisterung f\u00fcr den Laufsport &#8211; nicht zuletzt, da beide (unabh\u00e4ngig von einander) zuvor den Jakobsweg nach Spanien liefen. So entwickelte sich kurze Zeit sp\u00e4ter\u00a0der Gedanke, ein gemeinsames Projekt zu starten. Christians Vorhaben, in 11 Tagen von Halle an der Saale [&hellip;]<\/p>\n<div class=\"sharedaddy sd-sharing-enabled\"><div class=\"robots-nocontent sd-block sd-social sd-social-icon sd-sharing\"><h3 class=\"sd-title\">Teilen mit:<\/h3><div class=\"sd-content\"><ul><li><a href=\"#\" class=\"sharing-anchor sd-button share-more\"><span>Teilen<\/span><\/a><\/li><li class=\"share-end\"><\/li><\/ul><div class=\"sharing-hidden\"><div class=\"inner\" style=\"display: none;\"><ul><li class=\"share-facebook\"><a rel=\"nofollow noopener noreferrer\" data-shared=\"sharing-facebook-6\" class=\"share-facebook sd-button share-icon no-text\" href=\"https:\/\/www.ultrarun.de\/?page_id=6&amp;share=facebook\" target=\"_blank\" title=\"Klick, um auf Facebook zu teilen\"><span><\/span><span class=\"sharing-screen-reader-text\">Klick, um auf Facebook zu teilen (Wird in neuem Fenster ge\u00f6ffnet)<\/span><\/a><\/li><li class=\"share-twitter\"><a rel=\"nofollow noopener noreferrer\" data-shared=\"sharing-twitter-6\" class=\"share-twitter sd-button share-icon no-text\" href=\"https:\/\/www.ultrarun.de\/?page_id=6&amp;share=twitter\" target=\"_blank\" title=\"Klick, um \u00fcber Twitter zu teilen\"><span><\/span><span class=\"sharing-screen-reader-text\">Klick, um \u00fcber Twitter zu teilen (Wird in neuem Fenster ge\u00f6ffnet)<\/span><\/a><\/li><li class=\"share-end\"><\/li><li class=\"share-email\"><a rel=\"nofollow noopener noreferrer\" data-shared=\"\" class=\"share-email sd-button share-icon no-text\" href=\"https:\/\/www.ultrarun.de\/?page_id=6&amp;share=email\" target=\"_blank\" title=\"Klick, um dies einem Freund per E-Mail zu senden\"><span><\/span><span class=\"sharing-screen-reader-text\">Klick, um dies einem Freund per E-Mail zu senden (Wird in neuem Fenster ge\u00f6ffnet)<\/span><\/a><\/li><li class=\"share-end\"><\/li><\/ul><\/div><\/div><\/div><\/div><\/div>","protected":false},"author":1,"featured_media":0,"parent":0,"menu_order":0,"comment_status":"closed","ping_status":"open","template":"","meta":{"ngg_post_thumbnail":0,"spay_email":""},"jetpack_sharing_enabled":true,"jetpack_shortlink":"https:\/\/wp.me\/P6ptZf-6","_links":{"self":[{"href":"https:\/\/www.ultrarun.de\/index.php?rest_route=\/wp\/v2\/pages\/6"}],"collection":[{"href":"https:\/\/www.ultrarun.de\/index.php?rest_route=\/wp\/v2\/pages"}],"about":[{"href":"https:\/\/www.ultrarun.de\/index.php?rest_route=\/wp\/v2\/types\/page"}],"author":[{"embeddable":true,"href":"https:\/\/www.ultrarun.de\/index.php?rest_route=\/wp\/v2\/users\/1"}],"replies":[{"embeddable":true,"href":"https:\/\/www.ultrarun.de\/index.php?rest_route=%2Fwp%2Fv2%2Fcomments&post=6"}],"version-history":[{"count":33,"href":"https:\/\/www.ultrarun.de\/index.php?rest_route=\/wp\/v2\/pages\/6\/revisions"}],"predecessor-version":[{"id":557,"href":"https:\/\/www.ultrarun.de\/index.php?rest_route=\/wp\/v2\/pages\/6\/revisions\/557"}],"wp:attachment":[{"href":"https:\/\/www.ultrarun.de\/index.php?rest_route=%2Fwp%2Fv2%2Fmedia&parent=6"}],"curies":[{"name":"wp","href":"https:\/\/api.w.org\/{rel}","templated":true}]}}