{"id":59,"date":"2015-06-23T19:36:34","date_gmt":"2015-06-23T17:36:34","guid":{"rendered":"http:\/\/test.ultrarun.de\/?page_id=59"},"modified":"2015-07-08T09:53:36","modified_gmt":"2015-07-08T07:53:36","slug":"marie","status":"publish","type":"page","link":"https:\/\/www.ultrarun.de\/?page_id=59","title":{"rendered":"\u00bb Marie"},"content":{"rendered":"<p style=\"text-align: justify;\"><a href=\"https:\/\/instagram.com\/ultrarun_800km\/\" target=\"_blank\"><img data-attachment-id=\"314\" data-permalink=\"https:\/\/www.ultrarun.de\/?attachment_id=314\" data-orig-file=\"https:\/\/www.ultrarun.de\/wp-content\/uploads\/2015\/06\/instagram_gr\u00fcn-e1435704402688.png\" data-orig-size=\"75,75\" data-comments-opened=\"0\" data-image-meta=\"{&quot;aperture&quot;:&quot;0&quot;,&quot;credit&quot;:&quot;&quot;,&quot;camera&quot;:&quot;&quot;,&quot;caption&quot;:&quot;&quot;,&quot;created_timestamp&quot;:&quot;0&quot;,&quot;copyright&quot;:&quot;&quot;,&quot;focal_length&quot;:&quot;0&quot;,&quot;iso&quot;:&quot;0&quot;,&quot;shutter_speed&quot;:&quot;0&quot;,&quot;title&quot;:&quot;&quot;,&quot;orientation&quot;:&quot;0&quot;}\" data-image-title=\"instagram_gr\u00fcn\" data-image-description=\"\" data-image-caption=\"\" data-medium-file=\"https:\/\/www.ultrarun.de\/wp-content\/uploads\/2015\/06\/instagram_gr\u00fcn-e1435704402688.png\" data-large-file=\"https:\/\/www.ultrarun.de\/wp-content\/uploads\/2015\/06\/instagram_gr\u00fcn-e1435704402688.png\" loading=\"lazy\" class=\"alignleft wp-image-314 size-full\" src=\"http:\/\/www.ultrarun.de\/wp-content\/uploads\/2015\/06\/instagram_gr\u00fcn-e1435704402688.png\" alt=\"Ultrarun - Instagram\" width=\"75\" height=\"75\" \/><\/a><\/p>\n<p><a href=\"https:\/\/instagram.com\/ultrarun_800km\/\" target=\"_blank\">@ultrarun_800km<\/a><strong>\u00a0<\/strong><\/p>\n<hr \/>\n<p style=\"text-align: justify;\"><a href=\"https:\/\/www.ultrarun.de\/wp-content\/uploads\/2015\/07\/DSC08956_Logo-e1436021946308.jpg\" data-src=\"https:\/\/www.ultrarun.de\/wp-content\/uploads\/2015\/07\/DSC08956_Logo-e1436021946308.jpg\" data-thumb=\"http:\/\/www.ultrarun.de\/wp-content\/uploads\/2015\/07\/DSC08956_Logo-300x199.jpg\" class=\"ml-lightbox-enabled\"><img data-attachment-id=\"376\" data-permalink=\"https:\/\/www.ultrarun.de\/?attachment_id=376\" data-orig-file=\"https:\/\/www.ultrarun.de\/wp-content\/uploads\/2015\/07\/DSC08956_Logo-e1436021946308.jpg\" data-orig-size=\"750,498\" data-comments-opened=\"1\" data-image-meta=\"{&quot;aperture&quot;:&quot;5&quot;,&quot;credit&quot;:&quot;&quot;,&quot;camera&quot;:&quot;NEX-6&quot;,&quot;caption&quot;:&quot;&quot;,&quot;created_timestamp&quot;:&quot;1435759383&quot;,&quot;copyright&quot;:&quot;&quot;,&quot;focal_length&quot;:&quot;31&quot;,&quot;iso&quot;:&quot;1250&quot;,&quot;shutter_speed&quot;:&quot;0.00625&quot;,&quot;title&quot;:&quot;&quot;,&quot;orientation&quot;:&quot;1&quot;}\" data-image-title=\"DSC08956_Logo\" data-image-description=\"\" data-image-caption=\"\" data-medium-file=\"https:\/\/www.ultrarun.de\/wp-content\/uploads\/2015\/07\/DSC08956_Logo-300x199.jpg\" data-large-file=\"https:\/\/www.ultrarun.de\/wp-content\/uploads\/2015\/07\/DSC08956_Logo-1024x680.jpg\" loading=\"lazy\" class=\"alignright wp-image-376 size-medium\" src=\"http:\/\/www.ultrarun.de\/wp-content\/uploads\/2015\/07\/DSC08956_Logo-300x199.jpg\" alt=\"Marie-Kristin Kirschning\" width=\"300\" height=\"199\" \/><\/a>Ich wurde 1991\u00a0im sch\u00f6nen Leipzig geboren. Nach meinem Abitur folgte 2010 ein\u00a0dreij\u00e4hriger Abstecher nach Chemnitz, wo ich im Bachelor &#8222;Medienkommunikation&#8220; an der Technischen Universit\u00e4t studiert habe. Seit 2013 bin ich nun wieder zur\u00fcck zu meinen Wurzeln und in die Region Halle\/Leipzig gekehrt. An der Uni Halle studiere ich den Master &#8222;MultiMedia &amp; Autorschaft&#8220; mit den Schwerpunkten Online- und Videojournalismus. Als Teil meiner Masterarbeit drehe ich einen Dokumentarfilm \u00fcber das Projekt &#8222;Ultrarun &#8211; 800 km&#8220; und begleite Christian Richter auf seinem Weg nach Bozen.<\/p>\n<h2 style=\"text-align: justify;\">Film-Geschichte<\/h2>\n<figure id=\"attachment_375\" aria-describedby=\"caption-attachment-375\" style=\"width: 300px\" class=\"wp-caption alignleft\"><a href=\"https:\/\/www.ultrarun.de\/wp-content\/uploads\/2015\/07\/DSC08929_Logo-e1436021775444.jpg\" data-src=\"https:\/\/www.ultrarun.de\/wp-content\/uploads\/2015\/07\/DSC08929_Logo-e1436021775444.jpg\" data-thumb=\"http:\/\/www.ultrarun.de\/wp-content\/uploads\/2015\/07\/DSC08929_Logo-300x199.jpg\" class=\"ml-lightbox-enabled\"><img data-attachment-id=\"375\" data-permalink=\"https:\/\/www.ultrarun.de\/?attachment_id=375\" data-orig-file=\"https:\/\/www.ultrarun.de\/wp-content\/uploads\/2015\/07\/DSC08929_Logo-e1436021775444.jpg\" data-orig-size=\"750,498\" data-comments-opened=\"1\" data-image-meta=\"{&quot;aperture&quot;:&quot;4.5&quot;,&quot;credit&quot;:&quot;&quot;,&quot;camera&quot;:&quot;NEX-6&quot;,&quot;caption&quot;:&quot;&quot;,&quot;created_timestamp&quot;:&quot;1435758913&quot;,&quot;copyright&quot;:&quot;&quot;,&quot;focal_length&quot;:&quot;27&quot;,&quot;iso&quot;:&quot;400&quot;,&quot;shutter_speed&quot;:&quot;0.0166666666667&quot;,&quot;title&quot;:&quot;&quot;,&quot;orientation&quot;:&quot;1&quot;}\" data-image-title=\"DSC08929_Logo\" data-image-description=\"\" data-image-caption=\"&lt;p&gt;Und Action! Marie wird das Projekt &#8222;Ultrarun&#8220; filmisch dokumentieren.&lt;\/p&gt;\n\" data-medium-file=\"https:\/\/www.ultrarun.de\/wp-content\/uploads\/2015\/07\/DSC08929_Logo-300x199.jpg\" data-large-file=\"https:\/\/www.ultrarun.de\/wp-content\/uploads\/2015\/07\/DSC08929_Logo-1024x680.jpg\" loading=\"lazy\" class=\"wp-image-375 size-medium\" src=\"http:\/\/www.ultrarun.de\/wp-content\/uploads\/2015\/07\/DSC08929_Logo-300x199.jpg\" alt=\"Und Action! Marie wird das Projekt &quot;Ultrarun&quot; filmisch dokumentieren.\" width=\"300\" height=\"199\" \/><\/a><figcaption id=\"caption-attachment-375\" class=\"wp-caption-text\">Und Action! Marie wird das Projekt &#8222;Ultrarun&#8220; filmisch dokumentieren.<\/figcaption><\/figure>\n<p style=\"text-align: justify;\">Zwischen Abitur und Bachelorstudium ging ich 2010 den Jakobsweg. Damals noch mit einer qualitativ schlechten Handkamera filmte ich meine Erlebnisse und Eindr\u00fccke der f\u00fcnfw\u00f6chigen Reise &#8211; mein erster kleiner Blockbuster war geboren! Nun konnte ich meine Filmleidenschaft nicht nur auf rezeptiver, sondern auch produktiver Ebene ausleben. Im Bachelorstudium besch\u00e4ftigte ich mich bevorzugt mit filmwissenschaftlichen Themen und erlernte so das notwendige theoretische Wissen. Durch die besondere praxisnahe\u00a0Ausrichtung meines Masterstudienganges konnte ich mich vor allem im Dokumentarfilm \u00fcben. Die Kombination von Outdoor, Extremsport und Film im Projekt &#8222;Ultrarun&#8220; hat f\u00fcr mich einen besonderen Reiz, da ich nun mit mehr Wissen und besserem Equipment als noch vor f\u00fcnf Jahren auftrumpfen kann.<\/p>\n<h2 style=\"text-align: justify;\">Sport<\/h2>\n<figure id=\"attachment_365\" aria-describedby=\"caption-attachment-365\" style=\"width: 300px\" class=\"wp-caption alignright\"><a href=\"https:\/\/www.ultrarun.de\/wp-content\/uploads\/2015\/07\/140907_MdM.jpg\" data-src=\"https:\/\/www.ultrarun.de\/wp-content\/uploads\/2015\/07\/140907_MdM.jpg\" data-thumb=\"http:\/\/www.ultrarun.de\/wp-content\/uploads\/2015\/07\/140907_MdM-300x300.jpg\" class=\"ml-lightbox-enabled\"><img data-attachment-id=\"365\" data-permalink=\"https:\/\/www.ultrarun.de\/?attachment_id=365\" data-orig-file=\"https:\/\/www.ultrarun.de\/wp-content\/uploads\/2015\/07\/140907_MdM.jpg\" data-orig-size=\"750,750\" data-comments-opened=\"1\" data-image-meta=\"{&quot;aperture&quot;:&quot;0&quot;,&quot;credit&quot;:&quot;&quot;,&quot;camera&quot;:&quot;&quot;,&quot;caption&quot;:&quot;&quot;,&quot;created_timestamp&quot;:&quot;0&quot;,&quot;copyright&quot;:&quot;&quot;,&quot;focal_length&quot;:&quot;0&quot;,&quot;iso&quot;:&quot;0&quot;,&quot;shutter_speed&quot;:&quot;0&quot;,&quot;title&quot;:&quot;&quot;,&quot;orientation&quot;:&quot;1&quot;}\" data-image-title=\"140907_MdM\" data-image-description=\"\" data-image-caption=\"&lt;p&gt;Mitteldeutscher Marathon Halle 2014.&lt;\/p&gt;\n\" data-medium-file=\"https:\/\/www.ultrarun.de\/wp-content\/uploads\/2015\/07\/140907_MdM-300x300.jpg\" data-large-file=\"https:\/\/www.ultrarun.de\/wp-content\/uploads\/2015\/07\/140907_MdM.jpg\" loading=\"lazy\" class=\"wp-image-365 size-medium\" src=\"http:\/\/www.ultrarun.de\/wp-content\/uploads\/2015\/07\/140907_MdM-300x300.jpg\" alt=\"Mitteldeutscher Marathon Halle 2014.\" width=\"300\" height=\"300\" srcset=\"https:\/\/www.ultrarun.de\/wp-content\/uploads\/2015\/07\/140907_MdM-300x300.jpg 300w, https:\/\/www.ultrarun.de\/wp-content\/uploads\/2015\/07\/140907_MdM-150x150.jpg 150w, https:\/\/www.ultrarun.de\/wp-content\/uploads\/2015\/07\/140907_MdM.jpg 750w\" sizes=\"(max-width: 300px) 100vw, 300px\" \/><\/a><figcaption id=\"caption-attachment-365\" class=\"wp-caption-text\">Marie beim Mitteldeutschen Marathon Halle 2014.<\/figcaption><\/figure>\n<p style=\"text-align: justify;\">Meine sportlichen Wurzeln befinden sich im Fechtsport, den ich von 2003 bis 2008 als Leistungssport betrieben habe und bis dato als Hobbysport betreibe. Mit dem Studium wurde die Zeit f\u00fcr eine aktive Vereinsmitgliedschaft zu knapp, weshalb ich mir das Laufen als Ausgleich zum z\u00e4hen Schreibtischalltag suchte. 2011, 2012 und 2013 lief ich beim Chemnitz Marathon die 5 km Distanz, 2014 konnte ich beim Heidelauf und Mitteldeutschen Marathon in Halle sogar auf 10 km erh\u00f6hen. Einen Ultramarathon werde ich so schnell erstmal nicht laufen, aber ich schaue gern dabei zu bzw. mache mich auf der dokumentarischen Ebene n\u00fctzlich.<\/p>\n<h2 style=\"text-align: justify;\">Motivation<\/h2>\n<p style=\"text-align: justify;\">In erster Linie motiviert mich nat\u00fcrlich, mein Masterstudium bestm\u00f6glich abzuschlie\u00dfen.\u00a0Daf\u00fcr ist es vor allem wichtig an einem Projekt zu arbeiten, f\u00fcr das man sich begeistern kann. &#8222;Ultrarun&#8220; gibt mir die M\u00f6glichkeit, mal wieder gegen meinen inneren Schweinehund anzuk\u00e4mpfen. Denn im\u00a0Alltag des\u00a0Studiums kann man\u00a0auch recht bequem werden. Auch wenn ich selbst nicht mitlaufe, so ist das Projekt dennoch auch f\u00fcr mich eine gro\u00dfe und neue Herausforderung. Neben meinem Filmprojekt habe ich es mir zur Aufgabe gemacht, den L\u00e4ufer zu betreuen und mit allen wichtigen Dingen zu versorgen. Das hei\u00dft: Schlafplatzsuche, Nahrungsbeschaffung sowie die generelle Koordination und Planung w\u00e4hrend des Laufs. Spannend ist f\u00fcr mich dabei die Konfrontation mit der physischen und psychischen Belastung des L\u00e4ufers. Vermutlich bin ich viel aufgeregter \u00fcber dieses Vorhaben als Christian, denn wer wei\u00df schon, wie es am Ende ausgeht. Aber das ist ja schlie\u00dflich der Reiz und das motiviert mich, dieses durchaus anspruchsvolle Projekt zu begleiten.<\/p>\n<div class=\"sharedaddy sd-sharing-enabled\"><div class=\"robots-nocontent sd-block sd-social sd-social-icon sd-sharing\"><h3 class=\"sd-title\">Teilen mit:<\/h3><div class=\"sd-content\"><ul><li><a href=\"#\" class=\"sharing-anchor sd-button share-more\"><span>Teilen<\/span><\/a><\/li><li class=\"share-end\"><\/li><\/ul><div class=\"sharing-hidden\"><div class=\"inner\" style=\"display: none;\"><ul><li class=\"share-facebook\"><a rel=\"nofollow noopener noreferrer\" data-shared=\"sharing-facebook-59\" class=\"share-facebook sd-button share-icon no-text\" href=\"https:\/\/www.ultrarun.de\/?page_id=59&amp;share=facebook\" target=\"_blank\" title=\"Klick, um auf Facebook zu teilen\"><span><\/span><span class=\"sharing-screen-reader-text\">Klick, um auf Facebook zu teilen (Wird in neuem Fenster ge\u00f6ffnet)<\/span><\/a><\/li><li class=\"share-twitter\"><a rel=\"nofollow noopener noreferrer\" data-shared=\"sharing-twitter-59\" class=\"share-twitter sd-button share-icon no-text\" href=\"https:\/\/www.ultrarun.de\/?page_id=59&amp;share=twitter\" target=\"_blank\" title=\"Klick, um \u00fcber Twitter zu teilen\"><span><\/span><span class=\"sharing-screen-reader-text\">Klick, um \u00fcber Twitter zu teilen (Wird in neuem Fenster ge\u00f6ffnet)<\/span><\/a><\/li><li class=\"share-end\"><\/li><li class=\"share-email\"><a rel=\"nofollow noopener noreferrer\" data-shared=\"\" class=\"share-email sd-button share-icon no-text\" href=\"https:\/\/www.ultrarun.de\/?page_id=59&amp;share=email\" target=\"_blank\" title=\"Klick, um dies einem Freund per E-Mail zu senden\"><span><\/span><span class=\"sharing-screen-reader-text\">Klick, um dies einem Freund per E-Mail zu senden (Wird in neuem Fenster ge\u00f6ffnet)<\/span><\/a><\/li><li class=\"share-end\"><\/li><\/ul><\/div><\/div><\/div><\/div><\/div>","protected":false},"excerpt":{"rendered":"<p>@ultrarun_800km\u00a0 Ich wurde 1991\u00a0im sch\u00f6nen Leipzig geboren. Nach meinem Abitur folgte 2010 ein\u00a0dreij\u00e4hriger Abstecher nach Chemnitz, wo ich im Bachelor &#8222;Medienkommunikation&#8220; an der Technischen Universit\u00e4t studiert habe. Seit 2013 bin ich nun wieder zur\u00fcck zu meinen Wurzeln und in die Region Halle\/Leipzig gekehrt. An der Uni Halle studiere ich den Master &#8222;MultiMedia &amp; Autorschaft&#8220; mit [&hellip;]<\/p>\n<div class=\"sharedaddy sd-sharing-enabled\"><div class=\"robots-nocontent sd-block sd-social sd-social-icon sd-sharing\"><h3 class=\"sd-title\">Teilen mit:<\/h3><div class=\"sd-content\"><ul><li><a href=\"#\" class=\"sharing-anchor sd-button share-more\"><span>Teilen<\/span><\/a><\/li><li class=\"share-end\"><\/li><\/ul><div class=\"sharing-hidden\"><div class=\"inner\" style=\"display: none;\"><ul><li class=\"share-facebook\"><a rel=\"nofollow noopener noreferrer\" data-shared=\"sharing-facebook-59\" class=\"share-facebook sd-button share-icon no-text\" href=\"https:\/\/www.ultrarun.de\/?page_id=59&amp;share=facebook\" target=\"_blank\" title=\"Klick, um auf Facebook zu teilen\"><span><\/span><span class=\"sharing-screen-reader-text\">Klick, um auf Facebook zu teilen (Wird in neuem Fenster ge\u00f6ffnet)<\/span><\/a><\/li><li class=\"share-twitter\"><a rel=\"nofollow noopener noreferrer\" data-shared=\"sharing-twitter-59\" class=\"share-twitter sd-button share-icon no-text\" href=\"https:\/\/www.ultrarun.de\/?page_id=59&amp;share=twitter\" target=\"_blank\" title=\"Klick, um \u00fcber Twitter zu teilen\"><span><\/span><span class=\"sharing-screen-reader-text\">Klick, um \u00fcber Twitter zu teilen (Wird in neuem Fenster ge\u00f6ffnet)<\/span><\/a><\/li><li class=\"share-end\"><\/li><li class=\"share-email\"><a rel=\"nofollow noopener noreferrer\" data-shared=\"\" class=\"share-email sd-button share-icon no-text\" href=\"https:\/\/www.ultrarun.de\/?page_id=59&amp;share=email\" target=\"_blank\" title=\"Klick, um dies einem Freund per E-Mail zu senden\"><span><\/span><span class=\"sharing-screen-reader-text\">Klick, um dies einem Freund per E-Mail zu senden (Wird in neuem Fenster ge\u00f6ffnet)<\/span><\/a><\/li><li class=\"share-end\"><\/li><\/ul><\/div><\/div><\/div><\/div><\/div>","protected":false},"author":1,"featured_media":0,"parent":0,"menu_order":0,"comment_status":"closed","ping_status":"closed","template":"","meta":{"ngg_post_thumbnail":0,"spay_email":""},"jetpack_sharing_enabled":true,"jetpack_shortlink":"https:\/\/wp.me\/P6ptZf-X","_links":{"self":[{"href":"https:\/\/www.ultrarun.de\/index.php?rest_route=\/wp\/v2\/pages\/59"}],"collection":[{"href":"https:\/\/www.ultrarun.de\/index.php?rest_route=\/wp\/v2\/pages"}],"about":[{"href":"https:\/\/www.ultrarun.de\/index.php?rest_route=\/wp\/v2\/types\/page"}],"author":[{"embeddable":true,"href":"https:\/\/www.ultrarun.de\/index.php?rest_route=\/wp\/v2\/users\/1"}],"replies":[{"embeddable":true,"href":"https:\/\/www.ultrarun.de\/index.php?rest_route=%2Fwp%2Fv2%2Fcomments&post=59"}],"version-history":[{"count":25,"href":"https:\/\/www.ultrarun.de\/index.php?rest_route=\/wp\/v2\/pages\/59\/revisions"}],"predecessor-version":[{"id":440,"href":"https:\/\/www.ultrarun.de\/index.php?rest_route=\/wp\/v2\/pages\/59\/revisions\/440"}],"wp:attachment":[{"href":"https:\/\/www.ultrarun.de\/index.php?rest_route=%2Fwp%2Fv2%2Fmedia&parent=59"}],"curies":[{"name":"wp","href":"https:\/\/api.w.org\/{rel}","templated":true}]}}